{"id":4528,"date":"2019-10-08T19:26:13","date_gmt":"2019-10-08T17:26:13","guid":{"rendered":"https:\/\/www.andromede-ocean.com\/english\/?page_id=4528"},"modified":"2020-05-07T18:26:47","modified_gmt":"2020-05-07T16:26:47","slug":"species-transplantation","status":"publish","type":"page","link":"https:\/\/www.andromede-ocean.com\/english\/species-transplantation\/","title":{"rendered":"Species transplantation"},"content":{"rendered":"<p>[et_pb_section fb_built=&#8221;1&#8243; module_class=&#8221;slider-activ&#8221; _builder_version=&#8221;3.29.3&#8243; custom_margin=&#8221;0px||0px||false|false&#8221; custom_padding=&#8221;0px||0px||false|false&#8221; top_divider_style=&#8221;curve&#8221; top_divider_color=&#8221;#121526&#8243; top_divider_height=&#8221;20px&#8221; top_divider_height_tablet=&#8221;&#8221; top_divider_height_phone=&#8221;10px&#8221; top_divider_height_last_edited=&#8221;on|phone&#8221; bottom_divider_style=&#8221;curve&#8221; bottom_divider_color=&#8221;#ffffff&#8221; bottom_divider_height=&#8221;20px&#8221; bottom_divider_flip=&#8221;vertical&#8221; bottom_divider_height_tablet=&#8221;&#8221; bottom_divider_height_phone=&#8221;10px&#8221; bottom_divider_height_last_edited=&#8221;on|phone&#8221;][et_pb_row use_custom_gutter=&#8221;on&#8221; gutter_width=&#8221;1&#8243; _builder_version=&#8221;3.29.3&#8243; width=&#8221;100%&#8221; max_width=&#8221;100%&#8221; custom_margin=&#8221;0px||0px||false|false&#8221; custom_padding=&#8221;0px||0px||false|false&#8221;][et_pb_column type=&#8221;4_4&#8243; _builder_version=&#8221;3.29.3&#8243;][et_pb_gallery gallery_ids=&#8221;4901,4491&#8243; fullwidth=&#8221;on&#8221; module_class=&#8221;disable-lightbox&#8221; _builder_version=&#8221;4.4.2&#8243;][\/et_pb_gallery][\/et_pb_column][\/et_pb_row][\/et_pb_section][et_pb_section fb_built=&#8221;1&#8243; _builder_version=&#8221;3.29.3&#8243; custom_padding=&#8221;1%||||false|false&#8221; top_divider_style=&#8221;curve&#8221; top_divider_color=&#8221;#ffffff&#8221; top_divider_height=&#8221;20px&#8221;][et_pb_row column_structure=&#8221;2_3,1_3&#8243; _builder_version=&#8221;3.29.3&#8243; width=&#8221;100%&#8221; max_width=&#8221;1050px&#8221;][et_pb_column type=&#8221;2_3&#8243; module_class=&#8221;text-activite&#8221; _builder_version=&#8221;3.29.3&#8243;][et_pb_text module_class=&#8221;activite-2col&#8221; _builder_version=&#8221;4.2.2&#8243; header_line_height=&#8221;36px&#8221; custom_margin_tablet=&#8221;&#8221; custom_margin_phone=&#8221;&#8221; custom_margin_last_edited=&#8221;on|phone&#8221; custom_padding=&#8221;|40px|||false|false&#8221;]<\/p>\n<h1 class=\"orange\">SPECIES TRANSPLANT<\/h1>\n<p style=\"text-align: justify\">As part of extensive work, Androm\u00e8de Oc\u00e9anologie is carrying out transplants of protected species such as marine phanerogams and different types of gorgonians and corals.<\/p>\n<p style=\"text-align: justify\">Regarding Posidonia (Posidonia oceanica), Androm\u00e8de Oc\u00e9anologie carried out the last three main transplanting and transplanting projects carried out in France and Monaco.<\/p>\n<ol style=\"text-align: justify\">\n<li><a href=\"https:\/\/www.youtube.com\/watch?v=piNmZUv4KXg\" target=\"_blank\" rel=\"noopener noreferrer\">Transplant of 500m2 from Posidonia to Monaco.<\/a>\n<p>2. Transplanting of Posidonia from a furrow dug in a herbarium after a navigation accident in Monaco.<\/p>\n<p>3.REPIC project to restore the Posidonia herbarium in the Crouton cove in Antibes.<\/p>\n<\/li>\n<\/ol>\n<p style=\"text-align: justify\">Concerning the Monegasque project, the method developed by Androm\u00e8de (SafeBent\u00ae) consists in removing a clod using a modified and marinized Optimal 600 transplanter comprising the living herbarium, its matte and the underlying sediment in order to preserve the structure of the herbarium and place them in large containers of sufficient depth to accommodate the matte (approximately 90 cm in diameter and 60 cm in depth). They are then moved to a nearby receiving site, presenting environmental conditions favorable to the development of the herbarium.<\/p>\n<p style=\"text-align: justify\">\n<h2 style=\"text-align: justify\">Main advantages of this method:<\/h2>\n<ul style=\"text-align: justify\">\n<li>\n<p>speed of execution (approximately 20 m\u00b2 per day).<\/p>\n<\/li>\n<li>\n<p>conservation of the structure of the herbarium (mat and beams).<\/p>\n<\/li>\n<li>conservation of the sediment around the roots.<\/li>\n<\/ul>\n<p style=\"text-align: justify\">500 m\u00b2 of herbarium were transplanted in 24 days with survival at T + 2 years&gt; 70%.<\/p>\n<p>[\/et_pb_text][\/et_pb_column][et_pb_column type=&#8221;1_3&#8243; module_class=&#8221;side-activite&#8221; _builder_version=&#8221;3.29.3&#8243;][et_pb_sidebar area=&#8221;et_pb_widget_area_1&#8243; module_class=&#8221;sidebar-activ&#8221; _builder_version=&#8221;3.29.3&#8243; custom_margin=&#8221;|||40px|false|false&#8221; custom_margin_tablet=&#8221;&#8221; custom_margin_phone=&#8221;&#8221; custom_margin_last_edited=&#8221;on|phone&#8221; custom_padding=&#8221;||||false|false&#8221;][\/et_pb_sidebar][\/et_pb_column][\/et_pb_row][\/et_pb_section][et_pb_section fb_built=&#8221;1&#8243; fullwidth=&#8221;on&#8221; module_id=&#8221;fluxinsta&#8221; _builder_version=&#8221;3.23.2&#8243; background_color=&#8221;#fafafa&#8221; inner_width_tablet=&#8221;50px&#8221; inner_max_width_tablet=&#8221;50px&#8221; min_height=&#8221;430px&#8221; height=&#8221;430px&#8221; z_index_tablet=&#8221;500&#8243; box_shadow_horizontal_tablet=&#8221;0px&#8221; box_shadow_vertical_tablet=&#8221;0px&#8221; box_shadow_blur_tablet=&#8221;40px&#8221; box_shadow_spread_tablet=&#8221;0px&#8221; global_module=&#8221;4448&#8243;][et_pb_fullwidth_header title=&#8221;<i class=\"%22fab\"><\/i>&#8221; subhead=&#8221;Suivez nous sur Instagram&#8221; _builder_version=&#8221;3.29.3&#8243; title_font=&#8221;||||||||&#8221; title_text_align=&#8221;center&#8221; title_text_color=&#8221;#222222&#8243; title_font_size=&#8221;14px&#8221; subhead_font=&#8221;||||||||&#8221; subhead_text_align=&#8221;center&#8221; subhead_text_color=&#8221;#222222&#8243; background_color=&#8221;#fafafa&#8221; max_width=&#8221;100%&#8221; min_height=&#8221;460px&#8221; height=&#8221;460px&#8221; custom_margin=&#8221;|0px||&#8221; custom_padding=&#8221;30px||12px|0px|false|false&#8221; z_index_tablet=&#8221;500&#8243; title_text_shadow_horizontal_length_tablet=&#8221;0px&#8221; title_text_shadow_vertical_length_tablet=&#8221;0px&#8221; title_text_shadow_blur_strength_tablet=&#8221;1px&#8221; content_text_shadow_horizontal_length_tablet=&#8221;0px&#8221; content_text_shadow_vertical_length_tablet=&#8221;0px&#8221; content_text_shadow_blur_strength_tablet=&#8221;1px&#8221; subhead_text_shadow_horizontal_length_tablet=&#8221;0px&#8221; subhead_text_shadow_vertical_length_tablet=&#8221;0px&#8221; subhead_text_shadow_blur_strength_tablet=&#8221;1px&#8221; content_link_text_shadow_horizontal_length_tablet=&#8221;0px&#8221; content_link_text_shadow_vertical_length_tablet=&#8221;0px&#8221; content_link_text_shadow_blur_strength_tablet=&#8221;1px&#8221; content_ul_text_shadow_horizontal_length_tablet=&#8221;0px&#8221; content_ul_text_shadow_vertical_length_tablet=&#8221;0px&#8221; content_ul_text_shadow_blur_strength_tablet=&#8221;1px&#8221; content_ol_text_shadow_horizontal_length_tablet=&#8221;0px&#8221; content_ol_text_shadow_vertical_length_tablet=&#8221;0px&#8221; content_ol_text_shadow_blur_strength_tablet=&#8221;1px&#8221; content_quote_text_shadow_horizontal_length_tablet=&#8221;0px&#8221; content_quote_text_shadow_vertical_length_tablet=&#8221;0px&#8221; content_quote_text_shadow_blur_strength_tablet=&#8221;1px&#8221; button_one_text_shadow_horizontal_length_tablet=&#8221;0px&#8221; button_one_text_shadow_vertical_length_tablet=&#8221;0px&#8221; button_one_text_shadow_blur_strength_tablet=&#8221;1px&#8221; button_two_text_shadow_horizontal_length_tablet=&#8221;0px&#8221; button_two_text_shadow_vertical_length_tablet=&#8221;0px&#8221; button_two_text_shadow_blur_strength_tablet=&#8221;1px&#8221; box_shadow_horizontal_tablet=&#8221;0px&#8221; box_shadow_vertical_tablet=&#8221;0px&#8221; box_shadow_blur_tablet=&#8221;40px&#8221; box_shadow_spread_tablet=&#8221;0px&#8221; box_shadow_horizontal_image_tablet=&#8221;0px&#8221; box_shadow_vertical_image_tablet=&#8221;0px&#8221; box_shadow_blur_image_tablet=&#8221;40px&#8221; box_shadow_spread_image_tablet=&#8221;0px&#8221; box_shadow_horizontal_button_one_tablet=&#8221;0px&#8221; box_shadow_vertical_button_one_tablet=&#8221;0px&#8221; box_shadow_blur_button_one_tablet=&#8221;40px&#8221; box_shadow_spread_button_one_tablet=&#8221;0px&#8221; box_shadow_horizontal_button_two_tablet=&#8221;0px&#8221; box_shadow_vertical_button_two_tablet=&#8221;0px&#8221; box_shadow_blur_button_two_tablet=&#8221;40px&#8221; box_shadow_spread_button_two_tablet=&#8221;0px&#8221; text_shadow_horizontal_length_tablet=&#8221;0px&#8221; text_shadow_vertical_length_tablet=&#8221;0px&#8221; text_shadow_blur_strength_tablet=&#8221;1px&#8221;][grace id=&#8221;1&#8243;][\/et_pb_fullwidth_header][\/et_pb_section]<\/p>\n","protected":false},"excerpt":{"rendered":"<p>SPECIES TRANSPLANT As part of extensive work, Androm\u00e8de Oc\u00e9anologie is carrying out transplants of protected species such as marine phanerogams and different types of gorgonians and corals. Regarding Posidonia (Posidonia oceanica), Androm\u00e8de Oc\u00e9anologie carried out the last three main transplanting and transplanting projects carried out in France and Monaco. Transplant of 500m2 from Posidonia to [&hellip;]<\/p>\n","protected":false},"author":1,"featured_media":0,"parent":0,"menu_order":0,"comment_status":"closed","ping_status":"closed","template":"","meta":{"_et_pb_use_builder":"on","_et_pb_old_content":"","_et_gb_content_width":"","footnotes":""},"class_list":["post-4528","page","type-page","status-publish","hentry"],"yoast_head":"<!-- This site is optimized with the Yoast SEO plugin v27.0 - https:\/\/yoast.com\/product\/yoast-seo-wordpress\/ -->\n<title>Species transplantation - Androm\u00e8de Oc\u00e9anologie<\/title>\n<meta name=\"robots\" content=\"index, follow, max-snippet:-1, max-image-preview:large, max-video-preview:-1\" \/>\n<meta property=\"og:locale\" content=\"en_GB\" \/>\n<meta property=\"og:type\" content=\"article\" \/>\n<meta property=\"og:title\" content=\"Species transplantation - Androm\u00e8de Oc\u00e9anologie\" \/>\n<meta property=\"og:description\" content=\"SPECIES TRANSPLANT As part of extensive work, Androm\u00e8de Oc\u00e9anologie is carrying out transplants of protected species such as marine phanerogams and different types of gorgonians and corals. Regarding Posidonia (Posidonia oceanica), Androm\u00e8de Oc\u00e9anologie carried out the last three main transplanting and transplanting projects carried out in France and Monaco. Transplant of 500m2 from Posidonia to [&hellip;]\" \/>\n<meta property=\"og:url\" content=\"https:\/\/www.andromede-ocean.com\/english\/species-transplantation\/\" \/>\n<meta property=\"og:site_name\" content=\"Androm\u00e8de Oc\u00e9anologie\" \/>\n<meta property=\"article:modified_time\" content=\"2020-05-07T16:26:47+00:00\" \/>\n<meta name=\"twitter:card\" content=\"summary_large_image\" \/>\n<meta name=\"twitter:label1\" content=\"Estimated reading time\" \/>\n\t<meta name=\"twitter:data1\" content=\"5 minutes\" \/>\n<script type=\"application\/ld+json\" class=\"yoast-schema-graph\">{\"@context\":\"https:\/\/schema.org\",\"@graph\":[{\"@type\":\"WebPage\",\"@id\":\"https:\/\/www.andromede-ocean.com\/english\/species-transplantation\/\",\"url\":\"https:\/\/www.andromede-ocean.com\/english\/species-transplantation\/\",\"name\":\"Species transplantation - Androm\u00e8de Oc\u00e9anologie\",\"isPartOf\":{\"@id\":\"https:\/\/www.andromede-ocean.com\/english\/#website\"},\"datePublished\":\"2019-10-08T17:26:13+00:00\",\"dateModified\":\"2020-05-07T16:26:47+00:00\",\"breadcrumb\":{\"@id\":\"https:\/\/www.andromede-ocean.com\/english\/species-transplantation\/#breadcrumb\"},\"inLanguage\":\"en-GB\",\"potentialAction\":[{\"@type\":\"ReadAction\",\"target\":[\"https:\/\/www.andromede-ocean.com\/english\/species-transplantation\/\"]}]},{\"@type\":\"BreadcrumbList\",\"@id\":\"https:\/\/www.andromede-ocean.com\/english\/species-transplantation\/#breadcrumb\",\"itemListElement\":[{\"@type\":\"ListItem\",\"position\":1,\"name\":\"Accueil\",\"item\":\"https:\/\/www.andromede-ocean.com\/english\/\"},{\"@type\":\"ListItem\",\"position\":2,\"name\":\"Species transplantation\"}]},{\"@type\":\"WebSite\",\"@id\":\"https:\/\/www.andromede-ocean.com\/english\/#website\",\"url\":\"https:\/\/www.andromede-ocean.com\/english\/\",\"name\":\"Androm\u00e8de Oc\u00e9anologie\",\"description\":\"\",\"potentialAction\":[{\"@type\":\"SearchAction\",\"target\":{\"@type\":\"EntryPoint\",\"urlTemplate\":\"https:\/\/www.andromede-ocean.com\/english\/?s={search_term_string}\"},\"query-input\":{\"@type\":\"PropertyValueSpecification\",\"valueRequired\":true,\"valueName\":\"search_term_string\"}}],\"inLanguage\":\"en-GB\"}]}<\/script>\n<!-- \/ Yoast SEO plugin. -->","yoast_head_json":{"title":"Species transplantation - Androm\u00e8de Oc\u00e9anologie","robots":{"index":"index","follow":"follow","max-snippet":"max-snippet:-1","max-image-preview":"max-image-preview:large","max-video-preview":"max-video-preview:-1"},"og_locale":"en_GB","og_type":"article","og_title":"Species transplantation - Androm\u00e8de Oc\u00e9anologie","og_description":"SPECIES TRANSPLANT As part of extensive work, Androm\u00e8de Oc\u00e9anologie is carrying out transplants of protected species such as marine phanerogams and different types of gorgonians and corals. Regarding Posidonia (Posidonia oceanica), Androm\u00e8de Oc\u00e9anologie carried out the last three main transplanting and transplanting projects carried out in France and Monaco. Transplant of 500m2 from Posidonia to [&hellip;]","og_url":"https:\/\/www.andromede-ocean.com\/english\/species-transplantation\/","og_site_name":"Androm\u00e8de Oc\u00e9anologie","article_modified_time":"2020-05-07T16:26:47+00:00","twitter_card":"summary_large_image","twitter_misc":{"Estimated reading time":"5 minutes"},"schema":{"@context":"https:\/\/schema.org","@graph":[{"@type":"WebPage","@id":"https:\/\/www.andromede-ocean.com\/english\/species-transplantation\/","url":"https:\/\/www.andromede-ocean.com\/english\/species-transplantation\/","name":"Species transplantation - Androm\u00e8de Oc\u00e9anologie","isPartOf":{"@id":"https:\/\/www.andromede-ocean.com\/english\/#website"},"datePublished":"2019-10-08T17:26:13+00:00","dateModified":"2020-05-07T16:26:47+00:00","breadcrumb":{"@id":"https:\/\/www.andromede-ocean.com\/english\/species-transplantation\/#breadcrumb"},"inLanguage":"en-GB","potentialAction":[{"@type":"ReadAction","target":["https:\/\/www.andromede-ocean.com\/english\/species-transplantation\/"]}]},{"@type":"BreadcrumbList","@id":"https:\/\/www.andromede-ocean.com\/english\/species-transplantation\/#breadcrumb","itemListElement":[{"@type":"ListItem","position":1,"name":"Accueil","item":"https:\/\/www.andromede-ocean.com\/english\/"},{"@type":"ListItem","position":2,"name":"Species transplantation"}]},{"@type":"WebSite","@id":"https:\/\/www.andromede-ocean.com\/english\/#website","url":"https:\/\/www.andromede-ocean.com\/english\/","name":"Androm\u00e8de Oc\u00e9anologie","description":"","potentialAction":[{"@type":"SearchAction","target":{"@type":"EntryPoint","urlTemplate":"https:\/\/www.andromede-ocean.com\/english\/?s={search_term_string}"},"query-input":{"@type":"PropertyValueSpecification","valueRequired":true,"valueName":"search_term_string"}}],"inLanguage":"en-GB"}]}},"_links":{"self":[{"href":"https:\/\/www.andromede-ocean.com\/english\/wp-json\/wp\/v2\/pages\/4528","targetHints":{"allow":["GET"]}}],"collection":[{"href":"https:\/\/www.andromede-ocean.com\/english\/wp-json\/wp\/v2\/pages"}],"about":[{"href":"https:\/\/www.andromede-ocean.com\/english\/wp-json\/wp\/v2\/types\/page"}],"author":[{"embeddable":true,"href":"https:\/\/www.andromede-ocean.com\/english\/wp-json\/wp\/v2\/users\/1"}],"replies":[{"embeddable":true,"href":"https:\/\/www.andromede-ocean.com\/english\/wp-json\/wp\/v2\/comments?post=4528"}],"version-history":[{"count":12,"href":"https:\/\/www.andromede-ocean.com\/english\/wp-json\/wp\/v2\/pages\/4528\/revisions"}],"predecessor-version":[{"id":4932,"href":"https:\/\/www.andromede-ocean.com\/english\/wp-json\/wp\/v2\/pages\/4528\/revisions\/4932"}],"wp:attachment":[{"href":"https:\/\/www.andromede-ocean.com\/english\/wp-json\/wp\/v2\/media?parent=4528"}],"curies":[{"name":"wp","href":"https:\/\/api.w.org\/{rel}","templated":true}]}}