{"id":4514,"date":"2019-10-08T19:21:59","date_gmt":"2019-10-08T17:21:59","guid":{"rendered":"https:\/\/www.andromede-ocean.com\/english\/?page_id=4514"},"modified":"2020-05-07T18:23:48","modified_gmt":"2020-05-07T16:23:48","slug":"distrubance-monitoring","status":"publish","type":"page","link":"https:\/\/www.andromede-ocean.com\/english\/distrubance-monitoring\/","title":{"rendered":"Distrubance monitoring"},"content":{"rendered":"<p>[et_pb_section fb_built=&#8221;1&#8243; module_class=&#8221;slider-activ&#8221; _builder_version=&#8221;3.29.3&#8243; custom_margin=&#8221;0px||0px||false|false&#8221; custom_padding=&#8221;0px||0px||false|false&#8221; top_divider_style=&#8221;curve&#8221; top_divider_color=&#8221;#121526&#8243; top_divider_height=&#8221;20px&#8221; top_divider_height_tablet=&#8221;&#8221; top_divider_height_phone=&#8221;10px&#8221; top_divider_height_last_edited=&#8221;on|phone&#8221; bottom_divider_style=&#8221;curve&#8221; bottom_divider_color=&#8221;#ffffff&#8221; bottom_divider_height=&#8221;20px&#8221; bottom_divider_flip=&#8221;vertical&#8221; bottom_divider_height_tablet=&#8221;&#8221; bottom_divider_height_phone=&#8221;10px&#8221; bottom_divider_height_last_edited=&#8221;on|phone&#8221;][et_pb_row use_custom_gutter=&#8221;on&#8221; gutter_width=&#8221;1&#8243; _builder_version=&#8221;3.29.3&#8243; width=&#8221;100%&#8221; max_width=&#8221;100%&#8221; custom_margin=&#8221;0px||0px||false|false&#8221; custom_padding=&#8221;0px||0px||false|false&#8221;][et_pb_column type=&#8221;4_4&#8243; _builder_version=&#8221;3.29.3&#8243;][et_pb_gallery gallery_ids=&#8221;4892&#8243; fullwidth=&#8221;on&#8221; module_class=&#8221;disable-lightbox&#8221; _builder_version=&#8221;4.4.2&#8243;][\/et_pb_gallery][\/et_pb_column][\/et_pb_row][\/et_pb_section][et_pb_section fb_built=&#8221;1&#8243; _builder_version=&#8221;3.29.3&#8243; custom_padding=&#8221;1%||||false|false&#8221; top_divider_style=&#8221;curve&#8221; top_divider_color=&#8221;#ffffff&#8221; top_divider_height=&#8221;20px&#8221;][et_pb_row column_structure=&#8221;2_3,1_3&#8243; _builder_version=&#8221;3.29.3&#8243; width=&#8221;100%&#8221; max_width=&#8221;1050px&#8221;][et_pb_column type=&#8221;2_3&#8243; module_class=&#8221;text-activite&#8221; _builder_version=&#8221;3.29.3&#8243;][et_pb_text module_class=&#8221;activite-2col&#8221; _builder_version=&#8221;4.2.2&#8243; header_line_height=&#8221;36px&#8221; custom_margin_tablet=&#8221;&#8221; custom_margin_phone=&#8221;&#8221; custom_margin_last_edited=&#8221;on|phone&#8221; custom_padding=&#8221;|40px|||false|false&#8221;]<\/p>\n<h1 class=\"blue\">DISTRUBANCE MONITORING<\/h1>\n<h2>Monitoring anthropogenic pressures in the French Mediterranean<\/h2>\n<p style=\"text-align: justify\">The Mediterranean is a densely populated basin but also the most touristic region in the world. Human activities are very developed there and for the majority concentrated along the coast.<\/p>\n<p style=\"text-align: justify\">The European Marine Strategy Framework Directive (Directive 2008\/56 \/ EC) aims to maintain the pressures due to human activities at a level that is compatible with achieving good ecological status in the marine environment.<\/p>\n<p style=\"text-align: justify\">Monitoring anthropogenic pressures (due to human activities) is therefore a priority today.<\/p>\n<p style=\"text-align: justify\">The company Androm\u00e8de Oc\u00e9anologie, in collaboration with the Rh\u00f4ne-M\u00e9diterran\u00e9e-Corse water agency, implemented in 2014 the IMPACT program, aimed at mapping the anthropic pressures exerted on the coastal water bodies of the French Mediterranean, as well as the associated impacts on the natural marine environment. This program has been the subject of a thesis and scientific publications (Holon 2015, Holon et al. 2015b, Holon et al. 2018).<\/p>\n<p style=\"text-align: justify\">Updated in 2018, the IMPACT project now offers access on the <a href=\"https:\/\/plateforme.medtrix.fr\/\">Medtrix platform<\/a> the detailed mapping of 14 anthropogenic pressures and associated impacts: Aquaculture,\u00a0 Coastal development, Anchoring small craft, Anchoring large units, Urbanization, Coastal erosion \/ worsening, Urban discharges, Industrial effluents, Professional fishing without trawls, Pollution by watercourses, Seaside tourism, Maritime traffic. An index of concomitant pressures and cumulative impact is also calculated. Other pressures are currently the subject of our research activities.<\/p>\n<p style=\"text-align: justify\">On this basis, Androm\u00e8de Oc\u00e9anologie can help target and prioritize places and management actions (limitation, protection, restoration, etc.) and assess the possible benefits of the actions already implemented. Detailed analyzes (spatial distribution, quantification) of these existing (or future) pressures on a local scale and their impacts on the various marine habitats can be carried out on request.<\/p>\n<p>[\/et_pb_text][\/et_pb_column][et_pb_column type=&#8221;1_3&#8243; module_class=&#8221;side-activite&#8221; _builder_version=&#8221;3.29.3&#8243;][et_pb_sidebar area=&#8221;et_pb_widget_area_1&#8243; module_class=&#8221;sidebar-activ&#8221; _builder_version=&#8221;3.29.3&#8243; custom_margin=&#8221;|||40px|false|false&#8221; custom_margin_tablet=&#8221;&#8221; custom_margin_phone=&#8221;|||40px|false|false&#8221; custom_margin_last_edited=&#8221;on|desktop&#8221; custom_padding=&#8221;||||false|false&#8221;][\/et_pb_sidebar][\/et_pb_column][\/et_pb_row][\/et_pb_section][et_pb_section fb_built=&#8221;1&#8243; fullwidth=&#8221;on&#8221; module_id=&#8221;fluxinsta&#8221; _builder_version=&#8221;3.23.2&#8243; background_color=&#8221;#fafafa&#8221; inner_width_tablet=&#8221;50px&#8221; inner_max_width_tablet=&#8221;50px&#8221; min_height=&#8221;430px&#8221; height=&#8221;430px&#8221; z_index_tablet=&#8221;500&#8243; box_shadow_horizontal_tablet=&#8221;0px&#8221; box_shadow_vertical_tablet=&#8221;0px&#8221; box_shadow_blur_tablet=&#8221;40px&#8221; box_shadow_spread_tablet=&#8221;0px&#8221; global_module=&#8221;4448&#8243;][et_pb_fullwidth_header title=&#8221;<i class=\"%22fab\"><\/i>&#8221; subhead=&#8221;Suivez nous sur Instagram&#8221; _builder_version=&#8221;3.29.3&#8243; title_font=&#8221;||||||||&#8221; title_text_align=&#8221;center&#8221; title_text_color=&#8221;#222222&#8243; title_font_size=&#8221;14px&#8221; subhead_font=&#8221;||||||||&#8221; subhead_text_align=&#8221;center&#8221; subhead_text_color=&#8221;#222222&#8243; background_color=&#8221;#fafafa&#8221; max_width=&#8221;100%&#8221; min_height=&#8221;460px&#8221; height=&#8221;460px&#8221; custom_margin=&#8221;|0px||&#8221; custom_padding=&#8221;30px||12px|0px|false|false&#8221; z_index_tablet=&#8221;500&#8243; title_text_shadow_horizontal_length_tablet=&#8221;0px&#8221; title_text_shadow_vertical_length_tablet=&#8221;0px&#8221; title_text_shadow_blur_strength_tablet=&#8221;1px&#8221; content_text_shadow_horizontal_length_tablet=&#8221;0px&#8221; content_text_shadow_vertical_length_tablet=&#8221;0px&#8221; content_text_shadow_blur_strength_tablet=&#8221;1px&#8221; subhead_text_shadow_horizontal_length_tablet=&#8221;0px&#8221; subhead_text_shadow_vertical_length_tablet=&#8221;0px&#8221; subhead_text_shadow_blur_strength_tablet=&#8221;1px&#8221; content_link_text_shadow_horizontal_length_tablet=&#8221;0px&#8221; content_link_text_shadow_vertical_length_tablet=&#8221;0px&#8221; content_link_text_shadow_blur_strength_tablet=&#8221;1px&#8221; content_ul_text_shadow_horizontal_length_tablet=&#8221;0px&#8221; content_ul_text_shadow_vertical_length_tablet=&#8221;0px&#8221; content_ul_text_shadow_blur_strength_tablet=&#8221;1px&#8221; content_ol_text_shadow_horizontal_length_tablet=&#8221;0px&#8221; content_ol_text_shadow_vertical_length_tablet=&#8221;0px&#8221; content_ol_text_shadow_blur_strength_tablet=&#8221;1px&#8221; content_quote_text_shadow_horizontal_length_tablet=&#8221;0px&#8221; content_quote_text_shadow_vertical_length_tablet=&#8221;0px&#8221; content_quote_text_shadow_blur_strength_tablet=&#8221;1px&#8221; button_one_text_shadow_horizontal_length_tablet=&#8221;0px&#8221; button_one_text_shadow_vertical_length_tablet=&#8221;0px&#8221; button_one_text_shadow_blur_strength_tablet=&#8221;1px&#8221; button_two_text_shadow_horizontal_length_tablet=&#8221;0px&#8221; button_two_text_shadow_vertical_length_tablet=&#8221;0px&#8221; button_two_text_shadow_blur_strength_tablet=&#8221;1px&#8221; box_shadow_horizontal_tablet=&#8221;0px&#8221; box_shadow_vertical_tablet=&#8221;0px&#8221; box_shadow_blur_tablet=&#8221;40px&#8221; box_shadow_spread_tablet=&#8221;0px&#8221; box_shadow_horizontal_image_tablet=&#8221;0px&#8221; box_shadow_vertical_image_tablet=&#8221;0px&#8221; box_shadow_blur_image_tablet=&#8221;40px&#8221; box_shadow_spread_image_tablet=&#8221;0px&#8221; box_shadow_horizontal_button_one_tablet=&#8221;0px&#8221; box_shadow_vertical_button_one_tablet=&#8221;0px&#8221; box_shadow_blur_button_one_tablet=&#8221;40px&#8221; box_shadow_spread_button_one_tablet=&#8221;0px&#8221; box_shadow_horizontal_button_two_tablet=&#8221;0px&#8221; box_shadow_vertical_button_two_tablet=&#8221;0px&#8221; box_shadow_blur_button_two_tablet=&#8221;40px&#8221; box_shadow_spread_button_two_tablet=&#8221;0px&#8221; text_shadow_horizontal_length_tablet=&#8221;0px&#8221; text_shadow_vertical_length_tablet=&#8221;0px&#8221; text_shadow_blur_strength_tablet=&#8221;1px&#8221;][grace id=&#8221;1&#8243;][\/et_pb_fullwidth_header][\/et_pb_section]<\/p>\n","protected":false},"excerpt":{"rendered":"<p>DISTRUBANCE MONITORING Monitoring anthropogenic pressures in the French Mediterranean The Mediterranean is a densely populated basin but also the most touristic region in the world. Human activities are very developed there and for the majority concentrated along the coast. The European Marine Strategy Framework Directive (Directive 2008\/56 \/ EC) aims to maintain the pressures due [&hellip;]<\/p>\n","protected":false},"author":1,"featured_media":0,"parent":0,"menu_order":0,"comment_status":"closed","ping_status":"closed","template":"","meta":{"_et_pb_use_builder":"on","_et_pb_old_content":"","_et_gb_content_width":"","footnotes":""},"class_list":["post-4514","page","type-page","status-publish","hentry"],"yoast_head":"<!-- This site is optimized with the Yoast SEO plugin v27.0 - https:\/\/yoast.com\/product\/yoast-seo-wordpress\/ -->\n<title>Distrubance monitoring - Androm\u00e8de Oc\u00e9anologie<\/title>\n<meta name=\"robots\" content=\"index, follow, max-snippet:-1, max-image-preview:large, max-video-preview:-1\" \/>\n<meta property=\"og:locale\" content=\"en_GB\" \/>\n<meta property=\"og:type\" content=\"article\" \/>\n<meta property=\"og:title\" content=\"Distrubance monitoring - Androm\u00e8de Oc\u00e9anologie\" \/>\n<meta property=\"og:description\" content=\"DISTRUBANCE MONITORING Monitoring anthropogenic pressures in the French Mediterranean The Mediterranean is a densely populated basin but also the most touristic region in the world. Human activities are very developed there and for the majority concentrated along the coast. The European Marine Strategy Framework Directive (Directive 2008\/56 \/ EC) aims to maintain the pressures due [&hellip;]\" \/>\n<meta property=\"og:url\" content=\"https:\/\/www.andromede-ocean.com\/english\/distrubance-monitoring\/\" \/>\n<meta property=\"og:site_name\" content=\"Androm\u00e8de Oc\u00e9anologie\" \/>\n<meta property=\"article:modified_time\" content=\"2020-05-07T16:23:48+00:00\" \/>\n<meta name=\"twitter:card\" content=\"summary_large_image\" \/>\n<meta name=\"twitter:label1\" content=\"Estimated reading time\" \/>\n\t<meta name=\"twitter:data1\" content=\"5 minutes\" \/>\n<script type=\"application\/ld+json\" class=\"yoast-schema-graph\">{\"@context\":\"https:\/\/schema.org\",\"@graph\":[{\"@type\":\"WebPage\",\"@id\":\"https:\/\/www.andromede-ocean.com\/english\/distrubance-monitoring\/\",\"url\":\"https:\/\/www.andromede-ocean.com\/english\/distrubance-monitoring\/\",\"name\":\"Distrubance monitoring - Androm\u00e8de Oc\u00e9anologie\",\"isPartOf\":{\"@id\":\"https:\/\/www.andromede-ocean.com\/english\/#website\"},\"datePublished\":\"2019-10-08T17:21:59+00:00\",\"dateModified\":\"2020-05-07T16:23:48+00:00\",\"breadcrumb\":{\"@id\":\"https:\/\/www.andromede-ocean.com\/english\/distrubance-monitoring\/#breadcrumb\"},\"inLanguage\":\"en-GB\",\"potentialAction\":[{\"@type\":\"ReadAction\",\"target\":[\"https:\/\/www.andromede-ocean.com\/english\/distrubance-monitoring\/\"]}]},{\"@type\":\"BreadcrumbList\",\"@id\":\"https:\/\/www.andromede-ocean.com\/english\/distrubance-monitoring\/#breadcrumb\",\"itemListElement\":[{\"@type\":\"ListItem\",\"position\":1,\"name\":\"Accueil\",\"item\":\"https:\/\/www.andromede-ocean.com\/english\/\"},{\"@type\":\"ListItem\",\"position\":2,\"name\":\"Distrubance monitoring\"}]},{\"@type\":\"WebSite\",\"@id\":\"https:\/\/www.andromede-ocean.com\/english\/#website\",\"url\":\"https:\/\/www.andromede-ocean.com\/english\/\",\"name\":\"Androm\u00e8de Oc\u00e9anologie\",\"description\":\"\",\"potentialAction\":[{\"@type\":\"SearchAction\",\"target\":{\"@type\":\"EntryPoint\",\"urlTemplate\":\"https:\/\/www.andromede-ocean.com\/english\/?s={search_term_string}\"},\"query-input\":{\"@type\":\"PropertyValueSpecification\",\"valueRequired\":true,\"valueName\":\"search_term_string\"}}],\"inLanguage\":\"en-GB\"}]}<\/script>\n<!-- \/ Yoast SEO plugin. -->","yoast_head_json":{"title":"Distrubance monitoring - Androm\u00e8de Oc\u00e9anologie","robots":{"index":"index","follow":"follow","max-snippet":"max-snippet:-1","max-image-preview":"max-image-preview:large","max-video-preview":"max-video-preview:-1"},"og_locale":"en_GB","og_type":"article","og_title":"Distrubance monitoring - Androm\u00e8de Oc\u00e9anologie","og_description":"DISTRUBANCE MONITORING Monitoring anthropogenic pressures in the French Mediterranean The Mediterranean is a densely populated basin but also the most touristic region in the world. Human activities are very developed there and for the majority concentrated along the coast. The European Marine Strategy Framework Directive (Directive 2008\/56 \/ EC) aims to maintain the pressures due [&hellip;]","og_url":"https:\/\/www.andromede-ocean.com\/english\/distrubance-monitoring\/","og_site_name":"Androm\u00e8de Oc\u00e9anologie","article_modified_time":"2020-05-07T16:23:48+00:00","twitter_card":"summary_large_image","twitter_misc":{"Estimated reading time":"5 minutes"},"schema":{"@context":"https:\/\/schema.org","@graph":[{"@type":"WebPage","@id":"https:\/\/www.andromede-ocean.com\/english\/distrubance-monitoring\/","url":"https:\/\/www.andromede-ocean.com\/english\/distrubance-monitoring\/","name":"Distrubance monitoring - Androm\u00e8de Oc\u00e9anologie","isPartOf":{"@id":"https:\/\/www.andromede-ocean.com\/english\/#website"},"datePublished":"2019-10-08T17:21:59+00:00","dateModified":"2020-05-07T16:23:48+00:00","breadcrumb":{"@id":"https:\/\/www.andromede-ocean.com\/english\/distrubance-monitoring\/#breadcrumb"},"inLanguage":"en-GB","potentialAction":[{"@type":"ReadAction","target":["https:\/\/www.andromede-ocean.com\/english\/distrubance-monitoring\/"]}]},{"@type":"BreadcrumbList","@id":"https:\/\/www.andromede-ocean.com\/english\/distrubance-monitoring\/#breadcrumb","itemListElement":[{"@type":"ListItem","position":1,"name":"Accueil","item":"https:\/\/www.andromede-ocean.com\/english\/"},{"@type":"ListItem","position":2,"name":"Distrubance monitoring"}]},{"@type":"WebSite","@id":"https:\/\/www.andromede-ocean.com\/english\/#website","url":"https:\/\/www.andromede-ocean.com\/english\/","name":"Androm\u00e8de Oc\u00e9anologie","description":"","potentialAction":[{"@type":"SearchAction","target":{"@type":"EntryPoint","urlTemplate":"https:\/\/www.andromede-ocean.com\/english\/?s={search_term_string}"},"query-input":{"@type":"PropertyValueSpecification","valueRequired":true,"valueName":"search_term_string"}}],"inLanguage":"en-GB"}]}},"_links":{"self":[{"href":"https:\/\/www.andromede-ocean.com\/english\/wp-json\/wp\/v2\/pages\/4514","targetHints":{"allow":["GET"]}}],"collection":[{"href":"https:\/\/www.andromede-ocean.com\/english\/wp-json\/wp\/v2\/pages"}],"about":[{"href":"https:\/\/www.andromede-ocean.com\/english\/wp-json\/wp\/v2\/types\/page"}],"author":[{"embeddable":true,"href":"https:\/\/www.andromede-ocean.com\/english\/wp-json\/wp\/v2\/users\/1"}],"replies":[{"embeddable":true,"href":"https:\/\/www.andromede-ocean.com\/english\/wp-json\/wp\/v2\/comments?post=4514"}],"version-history":[{"count":9,"href":"https:\/\/www.andromede-ocean.com\/english\/wp-json\/wp\/v2\/pages\/4514\/revisions"}],"predecessor-version":[{"id":4930,"href":"https:\/\/www.andromede-ocean.com\/english\/wp-json\/wp\/v2\/pages\/4514\/revisions\/4930"}],"wp:attachment":[{"href":"https:\/\/www.andromede-ocean.com\/english\/wp-json\/wp\/v2\/media?parent=4514"}],"curies":[{"name":"wp","href":"https:\/\/api.w.org\/{rel}","templated":true}]}}