{"id":4508,"date":"2019-10-08T19:12:32","date_gmt":"2019-10-08T17:12:32","guid":{"rendered":"https:\/\/www.andromede-ocean.com\/english\/?page_id=4508"},"modified":"2020-05-07T18:21:36","modified_gmt":"2020-05-07T16:21:36","slug":"ecological-survey","status":"publish","type":"page","link":"https:\/\/www.andromede-ocean.com\/english\/ecological-survey\/","title":{"rendered":"Ecological survey"},"content":{"rendered":"<p>[et_pb_section fb_built=&#8221;1&#8243; module_class=&#8221;slider-activ&#8221; _builder_version=&#8221;3.29.3&#8243; custom_margin=&#8221;0px||0px||false|false&#8221; custom_padding=&#8221;0px||0px||false|false&#8221; top_divider_style=&#8221;curve&#8221; top_divider_color=&#8221;#121526&#8243; top_divider_height=&#8221;20px&#8221; top_divider_height_tablet=&#8221;&#8221; top_divider_height_phone=&#8221;10px&#8221; top_divider_height_last_edited=&#8221;on|phone&#8221; bottom_divider_style=&#8221;curve&#8221; bottom_divider_color=&#8221;#ffffff&#8221; bottom_divider_height=&#8221;20px&#8221; bottom_divider_flip=&#8221;vertical&#8221; bottom_divider_height_tablet=&#8221;&#8221; bottom_divider_height_phone=&#8221;10px&#8221; bottom_divider_height_last_edited=&#8221;on|phone&#8221;][et_pb_row use_custom_gutter=&#8221;on&#8221; gutter_width=&#8221;1&#8243; _builder_version=&#8221;3.29.3&#8243; width=&#8221;100%&#8221; max_width=&#8221;100%&#8221; custom_margin=&#8221;0px||0px||false|false&#8221; custom_padding=&#8221;0px||0px||false|false&#8221;][et_pb_column type=&#8221;4_4&#8243; _builder_version=&#8221;3.29.3&#8243;][et_pb_gallery gallery_ids=&#8221;4889,4501&#8243; fullwidth=&#8221;on&#8221; module_class=&#8221;disable-lightbox&#8221; _builder_version=&#8221;4.4.2&#8243;][\/et_pb_gallery][\/et_pb_column][\/et_pb_row][\/et_pb_section][et_pb_section fb_built=&#8221;1&#8243; _builder_version=&#8221;3.29.3&#8243; custom_padding=&#8221;1%||||false|false&#8221; top_divider_style=&#8221;curve&#8221; top_divider_color=&#8221;#ffffff&#8221; top_divider_height=&#8221;20px&#8221;][et_pb_row column_structure=&#8221;2_3,1_3&#8243; _builder_version=&#8221;3.29.3&#8243; width=&#8221;100%&#8221; max_width=&#8221;1050px&#8221;][et_pb_column type=&#8221;2_3&#8243; module_class=&#8221;text-activite&#8221; _builder_version=&#8221;3.29.3&#8243;][et_pb_text module_class=&#8221;activite-2col&#8221; _builder_version=&#8221;4.2.2&#8243; header_line_height=&#8221;36px&#8221; custom_margin_tablet=&#8221;&#8221; custom_margin_phone=&#8221;&#8221; custom_margin_last_edited=&#8221;on|phone&#8221; custom_padding=&#8221;|40px|||false|false&#8221;]<\/p>\n<h1 class=\"blue\">ECOLOGICAL SURVEY<\/h1>\n<h2>Coastal ecosystem monitoring<\/h2>\n<p style=\"text-align: justify\">The ecological state of an aquatic ecosystem is assessed through its structure and functioning. For this, we use elements of biological quality (abundance and diversity of plant and animal species) but also hydromorphological and physico-chemical elements (oxygen, turbidity, temperature, nutrient concentration, salinity). This state can be evaluated for regulatory needs or in the case of the exploration of unknown sites, inventories, cartography, management, an evaluation of initial or final state of a site, a follow-up of works and its impacts\u2026<\/p>\n<p style=\"text-align: justify\">The needs for regulatory oversight are defined by public policies, essentially constructed at national and European scales. The implementation of a monitoring program relies on monitoring networks which measure parameters indicative of the state of each quality element and make it possible to follow the evolution of the state of marine ecosystems and of quality coastal waters.<\/p>\n<p style=\"text-align: justify\">In France, the Water Agency (Agence de l\u2019Eau Rh\u00f4ne M\u00e9diterran\u00e9e Corse) \u00a0entrusts these monitoring networks to different partners. To make it easier to consult, the data from the various Mediterranean monitoring networks are grouped together on the same platform created by Androm\u00e8de oceanologie in partnership with the Water Agency: <a href=\"https:\/\/plateforme.medtrix.fr\/%20\">the MEDTRIX platform<\/a>. Experts in the marine environment (scientists, managers, technical agents, etc.) thus have free access to spatialized data of very good resolution and to information on quality indicators, anthropogenic pressures, biological, acoustic data, geographic information, etc.<\/p>\n<p style=\"text-align: justify\">This platform brings together 32 surveillance networks supported by more than twenty partners. Androm\u00e8de Oc\u00e9anologie has been responsible for several networks for the past ten years: monitoring the bottom temperature, monitoring ichthyological assemblies (fish communities), surface analysis network for marine habitats, biological monitoring of two key ecosystems in the Mediterranean (posidonia meadows and coralligenous reefs), followed by anthropic pressures. The state of health of these ecosystems and their evolution in time and space are assessed from monitoring methods developed by us (acoustic telemetry, photogrammetry, photographic quadrats, 360 \u00b0 cameras, etc.).<\/p>\n<p style=\"text-align: justify\">Thanks to its experience, the multiplicity of monitoring networks to its credit, its research collaborations and its ability to innovate and develop monitoring methods, Androm\u00e8de Oc\u00e9anologie can conduct knowledge and monitoring projects of marine ecosystems (from the surface in the mesophotic zone) in a regulatory framework as for other needs (knowledge, impact monitoring, etc.).<\/p>\n<p>[\/et_pb_text][\/et_pb_column][et_pb_column type=&#8221;1_3&#8243; module_class=&#8221;side-activite&#8221; _builder_version=&#8221;3.29.3&#8243;][et_pb_sidebar area=&#8221;et_pb_widget_area_1&#8243; module_class=&#8221;sidebar-activ&#8221; _builder_version=&#8221;3.29.3&#8243; custom_margin=&#8221;|||40px|false|false&#8221; custom_margin_tablet=&#8221;&#8221; custom_margin_phone=&#8221;&#8221; custom_margin_last_edited=&#8221;on|phone&#8221; custom_padding=&#8221;||||false|false&#8221;][\/et_pb_sidebar][\/et_pb_column][\/et_pb_row][\/et_pb_section][et_pb_section fb_built=&#8221;1&#8243; fullwidth=&#8221;on&#8221; module_id=&#8221;fluxinsta&#8221; _builder_version=&#8221;3.23.2&#8243; background_color=&#8221;#fafafa&#8221; inner_width_tablet=&#8221;50px&#8221; inner_max_width_tablet=&#8221;50px&#8221; min_height=&#8221;430px&#8221; height=&#8221;430px&#8221; z_index_tablet=&#8221;500&#8243; box_shadow_horizontal_tablet=&#8221;0px&#8221; box_shadow_vertical_tablet=&#8221;0px&#8221; box_shadow_blur_tablet=&#8221;40px&#8221; box_shadow_spread_tablet=&#8221;0px&#8221; global_module=&#8221;4448&#8243;][et_pb_fullwidth_header title=&#8221;<i class=\"%22fab\"><\/i>&#8221; subhead=&#8221;Suivez nous sur Instagram&#8221; _builder_version=&#8221;3.29.3&#8243; title_font=&#8221;||||||||&#8221; title_text_align=&#8221;center&#8221; title_text_color=&#8221;#222222&#8243; title_font_size=&#8221;14px&#8221; subhead_font=&#8221;||||||||&#8221; subhead_text_align=&#8221;center&#8221; subhead_text_color=&#8221;#222222&#8243; background_color=&#8221;#fafafa&#8221; max_width=&#8221;100%&#8221; min_height=&#8221;460px&#8221; height=&#8221;460px&#8221; custom_margin=&#8221;|0px||&#8221; custom_padding=&#8221;30px||12px|0px|false|false&#8221; z_index_tablet=&#8221;500&#8243; title_text_shadow_horizontal_length_tablet=&#8221;0px&#8221; title_text_shadow_vertical_length_tablet=&#8221;0px&#8221; title_text_shadow_blur_strength_tablet=&#8221;1px&#8221; content_text_shadow_horizontal_length_tablet=&#8221;0px&#8221; content_text_shadow_vertical_length_tablet=&#8221;0px&#8221; content_text_shadow_blur_strength_tablet=&#8221;1px&#8221; subhead_text_shadow_horizontal_length_tablet=&#8221;0px&#8221; subhead_text_shadow_vertical_length_tablet=&#8221;0px&#8221; subhead_text_shadow_blur_strength_tablet=&#8221;1px&#8221; content_link_text_shadow_horizontal_length_tablet=&#8221;0px&#8221; content_link_text_shadow_vertical_length_tablet=&#8221;0px&#8221; content_link_text_shadow_blur_strength_tablet=&#8221;1px&#8221; content_ul_text_shadow_horizontal_length_tablet=&#8221;0px&#8221; content_ul_text_shadow_vertical_length_tablet=&#8221;0px&#8221; content_ul_text_shadow_blur_strength_tablet=&#8221;1px&#8221; content_ol_text_shadow_horizontal_length_tablet=&#8221;0px&#8221; content_ol_text_shadow_vertical_length_tablet=&#8221;0px&#8221; content_ol_text_shadow_blur_strength_tablet=&#8221;1px&#8221; content_quote_text_shadow_horizontal_length_tablet=&#8221;0px&#8221; content_quote_text_shadow_vertical_length_tablet=&#8221;0px&#8221; content_quote_text_shadow_blur_strength_tablet=&#8221;1px&#8221; button_one_text_shadow_horizontal_length_tablet=&#8221;0px&#8221; button_one_text_shadow_vertical_length_tablet=&#8221;0px&#8221; button_one_text_shadow_blur_strength_tablet=&#8221;1px&#8221; button_two_text_shadow_horizontal_length_tablet=&#8221;0px&#8221; button_two_text_shadow_vertical_length_tablet=&#8221;0px&#8221; button_two_text_shadow_blur_strength_tablet=&#8221;1px&#8221; box_shadow_horizontal_tablet=&#8221;0px&#8221; box_shadow_vertical_tablet=&#8221;0px&#8221; box_shadow_blur_tablet=&#8221;40px&#8221; box_shadow_spread_tablet=&#8221;0px&#8221; box_shadow_horizontal_image_tablet=&#8221;0px&#8221; box_shadow_vertical_image_tablet=&#8221;0px&#8221; box_shadow_blur_image_tablet=&#8221;40px&#8221; box_shadow_spread_image_tablet=&#8221;0px&#8221; box_shadow_horizontal_button_one_tablet=&#8221;0px&#8221; box_shadow_vertical_button_one_tablet=&#8221;0px&#8221; box_shadow_blur_button_one_tablet=&#8221;40px&#8221; box_shadow_spread_button_one_tablet=&#8221;0px&#8221; box_shadow_horizontal_button_two_tablet=&#8221;0px&#8221; box_shadow_vertical_button_two_tablet=&#8221;0px&#8221; box_shadow_blur_button_two_tablet=&#8221;40px&#8221; box_shadow_spread_button_two_tablet=&#8221;0px&#8221; text_shadow_horizontal_length_tablet=&#8221;0px&#8221; text_shadow_vertical_length_tablet=&#8221;0px&#8221; text_shadow_blur_strength_tablet=&#8221;1px&#8221;][grace id=&#8221;1&#8243;][\/et_pb_fullwidth_header][\/et_pb_section]<\/p>\n","protected":false},"excerpt":{"rendered":"<p>ECOLOGICAL SURVEY Coastal ecosystem monitoring The ecological state of an aquatic ecosystem is assessed through its structure and functioning. For this, we use elements of biological quality (abundance and diversity of plant and animal species) but also hydromorphological and physico-chemical elements (oxygen, turbidity, temperature, nutrient concentration, salinity). This state can be evaluated for regulatory needs [&hellip;]<\/p>\n","protected":false},"author":1,"featured_media":0,"parent":0,"menu_order":0,"comment_status":"closed","ping_status":"closed","template":"","meta":{"_et_pb_use_builder":"on","_et_pb_old_content":"","_et_gb_content_width":"","footnotes":""},"class_list":["post-4508","page","type-page","status-publish","hentry"],"yoast_head":"<!-- This site is optimized with the Yoast SEO plugin v27.0 - https:\/\/yoast.com\/product\/yoast-seo-wordpress\/ -->\n<title>Ecological survey - Androm\u00e8de Oc\u00e9anologie<\/title>\n<meta name=\"robots\" content=\"index, follow, max-snippet:-1, max-image-preview:large, max-video-preview:-1\" \/>\n<meta property=\"og:locale\" content=\"en_GB\" \/>\n<meta property=\"og:type\" content=\"article\" \/>\n<meta property=\"og:title\" content=\"Ecological survey - Androm\u00e8de Oc\u00e9anologie\" \/>\n<meta property=\"og:description\" content=\"ECOLOGICAL SURVEY Coastal ecosystem monitoring The ecological state of an aquatic ecosystem is assessed through its structure and functioning. For this, we use elements of biological quality (abundance and diversity of plant and animal species) but also hydromorphological and physico-chemical elements (oxygen, turbidity, temperature, nutrient concentration, salinity). This state can be evaluated for regulatory needs [&hellip;]\" \/>\n<meta property=\"og:url\" content=\"https:\/\/www.andromede-ocean.com\/english\/ecological-survey\/\" \/>\n<meta property=\"og:site_name\" content=\"Androm\u00e8de Oc\u00e9anologie\" \/>\n<meta property=\"article:modified_time\" content=\"2020-05-07T16:21:36+00:00\" \/>\n<meta name=\"twitter:card\" content=\"summary_large_image\" \/>\n<meta name=\"twitter:label1\" content=\"Estimated reading time\" \/>\n\t<meta name=\"twitter:data1\" content=\"5 minutes\" \/>\n<script type=\"application\/ld+json\" class=\"yoast-schema-graph\">{\"@context\":\"https:\/\/schema.org\",\"@graph\":[{\"@type\":\"WebPage\",\"@id\":\"https:\/\/www.andromede-ocean.com\/english\/ecological-survey\/\",\"url\":\"https:\/\/www.andromede-ocean.com\/english\/ecological-survey\/\",\"name\":\"Ecological survey - Androm\u00e8de Oc\u00e9anologie\",\"isPartOf\":{\"@id\":\"https:\/\/www.andromede-ocean.com\/english\/#website\"},\"datePublished\":\"2019-10-08T17:12:32+00:00\",\"dateModified\":\"2020-05-07T16:21:36+00:00\",\"breadcrumb\":{\"@id\":\"https:\/\/www.andromede-ocean.com\/english\/ecological-survey\/#breadcrumb\"},\"inLanguage\":\"en-GB\",\"potentialAction\":[{\"@type\":\"ReadAction\",\"target\":[\"https:\/\/www.andromede-ocean.com\/english\/ecological-survey\/\"]}]},{\"@type\":\"BreadcrumbList\",\"@id\":\"https:\/\/www.andromede-ocean.com\/english\/ecological-survey\/#breadcrumb\",\"itemListElement\":[{\"@type\":\"ListItem\",\"position\":1,\"name\":\"Accueil\",\"item\":\"https:\/\/www.andromede-ocean.com\/english\/\"},{\"@type\":\"ListItem\",\"position\":2,\"name\":\"Ecological survey\"}]},{\"@type\":\"WebSite\",\"@id\":\"https:\/\/www.andromede-ocean.com\/english\/#website\",\"url\":\"https:\/\/www.andromede-ocean.com\/english\/\",\"name\":\"Androm\u00e8de Oc\u00e9anologie\",\"description\":\"\",\"potentialAction\":[{\"@type\":\"SearchAction\",\"target\":{\"@type\":\"EntryPoint\",\"urlTemplate\":\"https:\/\/www.andromede-ocean.com\/english\/?s={search_term_string}\"},\"query-input\":{\"@type\":\"PropertyValueSpecification\",\"valueRequired\":true,\"valueName\":\"search_term_string\"}}],\"inLanguage\":\"en-GB\"}]}<\/script>\n<!-- \/ Yoast SEO plugin. -->","yoast_head_json":{"title":"Ecological survey - Androm\u00e8de Oc\u00e9anologie","robots":{"index":"index","follow":"follow","max-snippet":"max-snippet:-1","max-image-preview":"max-image-preview:large","max-video-preview":"max-video-preview:-1"},"og_locale":"en_GB","og_type":"article","og_title":"Ecological survey - Androm\u00e8de Oc\u00e9anologie","og_description":"ECOLOGICAL SURVEY Coastal ecosystem monitoring The ecological state of an aquatic ecosystem is assessed through its structure and functioning. For this, we use elements of biological quality (abundance and diversity of plant and animal species) but also hydromorphological and physico-chemical elements (oxygen, turbidity, temperature, nutrient concentration, salinity). This state can be evaluated for regulatory needs [&hellip;]","og_url":"https:\/\/www.andromede-ocean.com\/english\/ecological-survey\/","og_site_name":"Androm\u00e8de Oc\u00e9anologie","article_modified_time":"2020-05-07T16:21:36+00:00","twitter_card":"summary_large_image","twitter_misc":{"Estimated reading time":"5 minutes"},"schema":{"@context":"https:\/\/schema.org","@graph":[{"@type":"WebPage","@id":"https:\/\/www.andromede-ocean.com\/english\/ecological-survey\/","url":"https:\/\/www.andromede-ocean.com\/english\/ecological-survey\/","name":"Ecological survey - Androm\u00e8de Oc\u00e9anologie","isPartOf":{"@id":"https:\/\/www.andromede-ocean.com\/english\/#website"},"datePublished":"2019-10-08T17:12:32+00:00","dateModified":"2020-05-07T16:21:36+00:00","breadcrumb":{"@id":"https:\/\/www.andromede-ocean.com\/english\/ecological-survey\/#breadcrumb"},"inLanguage":"en-GB","potentialAction":[{"@type":"ReadAction","target":["https:\/\/www.andromede-ocean.com\/english\/ecological-survey\/"]}]},{"@type":"BreadcrumbList","@id":"https:\/\/www.andromede-ocean.com\/english\/ecological-survey\/#breadcrumb","itemListElement":[{"@type":"ListItem","position":1,"name":"Accueil","item":"https:\/\/www.andromede-ocean.com\/english\/"},{"@type":"ListItem","position":2,"name":"Ecological survey"}]},{"@type":"WebSite","@id":"https:\/\/www.andromede-ocean.com\/english\/#website","url":"https:\/\/www.andromede-ocean.com\/english\/","name":"Androm\u00e8de Oc\u00e9anologie","description":"","potentialAction":[{"@type":"SearchAction","target":{"@type":"EntryPoint","urlTemplate":"https:\/\/www.andromede-ocean.com\/english\/?s={search_term_string}"},"query-input":{"@type":"PropertyValueSpecification","valueRequired":true,"valueName":"search_term_string"}}],"inLanguage":"en-GB"}]}},"_links":{"self":[{"href":"https:\/\/www.andromede-ocean.com\/english\/wp-json\/wp\/v2\/pages\/4508","targetHints":{"allow":["GET"]}}],"collection":[{"href":"https:\/\/www.andromede-ocean.com\/english\/wp-json\/wp\/v2\/pages"}],"about":[{"href":"https:\/\/www.andromede-ocean.com\/english\/wp-json\/wp\/v2\/types\/page"}],"author":[{"embeddable":true,"href":"https:\/\/www.andromede-ocean.com\/english\/wp-json\/wp\/v2\/users\/1"}],"replies":[{"embeddable":true,"href":"https:\/\/www.andromede-ocean.com\/english\/wp-json\/wp\/v2\/comments?post=4508"}],"version-history":[{"count":8,"href":"https:\/\/www.andromede-ocean.com\/english\/wp-json\/wp\/v2\/pages\/4508\/revisions"}],"predecessor-version":[{"id":4928,"href":"https:\/\/www.andromede-ocean.com\/english\/wp-json\/wp\/v2\/pages\/4508\/revisions\/4928"}],"wp:attachment":[{"href":"https:\/\/www.andromede-ocean.com\/english\/wp-json\/wp\/v2\/media?parent=4508"}],"curies":[{"name":"wp","href":"https:\/\/api.w.org\/{rel}","templated":true}]}}